{"id":2,"date":"2022-02-03T21:56:46","date_gmt":"2022-02-03T21:56:46","guid":{"rendered":"https:\/\/aifec.eu\/congreso2022\/?page_id=2"},"modified":"2022-07-11T07:40:37","modified_gmt":"2022-07-11T07:40:37","slug":"pagina-ejemplo","status":"publish","type":"page","link":"https:\/\/aspack.es\/congreso2022\/","title":{"rendered":"Home"},"content":{"rendered":"<p><div class=\"fusion-fullwidth fullwidth-box fusion-builder-row-1 fusion-flex-container hundred-percent-fullwidth non-hundred-percent-height-scrolling\" style=\"background-color: #42aecc;background-position: left top;background-repeat: no-repeat;background-blend-mode: overlay;border-width: 0px 0px 0px 0px;border-color:#e2e2e2;border-style:solid;\" ><div class=\"fusion-builder-row fusion-row fusion-flex-align-items-stretch\" style=\"width:104% !important;max-width:104% !important;margin-left: calc(-4% \/ 2 );margin-right: calc(-4% \/ 2 );\"><div class=\"fusion-layout-column fusion_builder_column fusion-builder-column-0 fusion_builder_column_1_1 1_1 fusion-flex-column special\"><div class=\"fusion-column-wrapper fusion-flex-justify-content-flex-start fusion-content-layout-column\" style=\"background-position:left top;background-blend-mode: overlay;background-repeat:no-repeat;-webkit-background-size:cover;-moz-background-size:cover;-o-background-size:cover;background-size:cover;padding: 0px 0% 0px 0px;\"><div class=\"fusion-separator fusion-full-width-sep\" style=\"align-self: center;margin-left: auto;margin-right: auto;margin-top:30px;width:100%;\"><\/div><div class=\"fusion-text fusion-text-1\" style=\"transform:translate3d(0,0,0);\"><div><span style=\"color: #ffffff;\">Vivimos en un periodo de transici\u00f3n hacia un nuevo paradigma que est\u00e1 haciendo evolucionar el mundo empresarial, con cambios cada vez m\u00e1s r\u00e1pidos e intensos, que afectan tanto a nivel de la gesti\u00f3n de la empresa como a los valores, las relaciones entre las personas y la relaci\u00f3n de las personas frente al trabajo.<\/span><\/div>\n<div>\n<p><span style=\"color: #ffffff;\">Debemos tomar conciencia y abrirnos porque:<\/span><\/p>\n<ul>\n<li><span style=\"color: #ffffff;\">los valores de las nuevas generaciones est\u00e1n cambiando a una velocidad incre\u00edble.<\/span><\/li>\n<li><span style=\"color: #ffffff;\">el mundo est\u00e1 enfermo, y se ha generado un problema de sostenibilidad del planeta.<\/span><\/li>\n<li><span style=\"color: #ffffff;\">podr\u00edamos entre todos hacer un mundo m\u00e1s colaborativo, respetado y amigable.<\/span><\/li>\n<\/ul>\n<p><span style=\"color: #ffffff;\">Para que el sector del envase de cart\u00f3n sea l\u00edder y vanguardista, no solo en la parte empresarial sino tambi\u00e9n a nivel social y humano, queremos dedicar este Congreso a reflexionar qu\u00e9 podemos y debemos hacer para fluir en este nuevo contexto.<\/span><\/p>\n<p><span style=\"color: #ffffff;\">La asociaci\u00f3n, como representante de un sector que tambi\u00e9n forma parte de esta realidad, considera que es responsabilidad de todos poder ofrecer fragmentos de esta nueva dimensi\u00f3n para poder ser curiosos, m\u00e1s sensibles, abrir los corazones y reconectarnos con nosotros mismos, base de cualquier cambio en profundidad.<\/span><\/p>\n<p><span style=\"color: #ffffff;\">Fruto de este debate, el Congreso pretende ayudar a que entre la luz en las empresas de la asociaci\u00f3n y en las personas que trabajan en ella para:<\/span><\/p>\n<ul>\n<li><span style=\"color: #ffffff;\">ayudar a que el envase ilumine el sentido del producto del cliente.<\/span><\/li>\n<li><span style=\"color: #ffffff;\">abrirse a las nuevas ideas de las nuevas generaciones.<\/span><\/li>\n<li><span style=\"color: #ffffff;\">ayudar al planeta aplicando conceptos de sostenibilidad.<\/span><\/li>\n<li><span style=\"color: #ffffff;\">que la igualdad de g\u00e9nero sea lo normal e integre la visi\u00f3n femenina en las empresas.<\/span><\/li>\n<li><span style=\"color: #ffffff;\">ser yo mejor persona y las empresas m\u00e1s humanas y conscientes.<\/span><\/li>\n<\/ul>\n<p><span style=\"color: #ffffff;\">Queremos poder acompa\u00f1ar las empresas desde Aspack a hacer un sector m\u00e1s consciente como empresa para responder a todos los nuevos retos actuales y as\u00ed crear entre todos un mundo mejor.<\/span><\/p>\n<\/div>\n<\/div><\/div><\/div><style type=\"text\/css\">.fusion-body .fusion-builder-column-0{width:100% !important;margin-top : 0px;margin-bottom : 0px;}.fusion-builder-column-0 > .fusion-column-wrapper {padding-top : 0px !important;padding-right : 0% !important;margin-right : 6.432%;padding-bottom : 0px !important;padding-left : 0px !important;margin-left : 0%;}@media only screen and (max-width:1024px) {.fusion-body .fusion-builder-column-0{width:100% !important;}.fusion-builder-column-0 > .fusion-column-wrapper {margin-right : 6.432%;margin-left : 0%;}}@media only screen and (max-width:640px) {.fusion-body .fusion-builder-column-0{width:100% !important;order : 0;margin-bottom : 30px;}.fusion-builder-column-0 > .fusion-column-wrapper {padding-right : 10px !important;margin-right : 6.432%;padding-bottom : 0px !important;padding-left : 25px !important;margin-left : 0%;}}<\/style><\/div><style type=\"text\/css\">.fusion-body .fusion-flex-container.fusion-builder-row-1{ padding-top : 0px;margin-top : 0px;padding-right : 0px;padding-bottom : 7px;margin-bottom : 0px;padding-left : 123.97793579101562px;}@media only screen and (max-width:1024px) {.fusion-body .fusion-flex-container.fusion-builder-row-1{ padding-left : 0px;}}<\/style><\/div><div class=\"fusion-fullwidth fullwidth-box fusion-builder-row-2 fusion-flex-container nonhundred-percent-fullwidth non-hundred-percent-height-scrolling\" style=\"background-color: var(--awb-color2);background-position: left top;background-repeat: no-repeat;border-width: 0px 0px 0px 0px;border-color:#e2e2e2;border-style:solid;\" ><div class=\"fusion-builder-row fusion-row fusion-flex-align-items-flex-start\" style=\"max-width:1248px;margin-left: calc(-4% \/ 2 );margin-right: calc(-4% \/ 2 );\"><div class=\"fusion-layout-column fusion_builder_column fusion-builder-column-1 fusion_builder_column_1_6 1_6 fusion-flex-column fusion-no-small-visibility fusion-no-medium-visibility\"><div class=\"fusion-column-wrapper fusion-flex-justify-content-flex-start fusion-content-layout-column\" style=\"background-position:left top;background-blend-mode: overlay;background-repeat:no-repeat;-webkit-background-size:cover;-moz-background-size:cover;-o-background-size:cover;background-size:cover;padding: 0px 0px 0px 0px;\"><div ><span class=\" fusion-imageframe imageframe-none imageframe-1 hover-type-none\"><img decoding=\"async\" width=\"500\" height=\"500\" title=\"Dise\u00f1o sin t\u00edtulo-112\" src=\"https:\/\/aspack.es\/congreso2022\/wp-content\/uploads\/2022\/06\/Diseno-sin-titulo-112.png\" class=\"img-responsive wp-image-1039\" srcset=\"https:\/\/aspack.es\/congreso2022\/wp-content\/uploads\/2022\/06\/Diseno-sin-titulo-112-200x200.png 200w, https:\/\/aspack.es\/congreso2022\/wp-content\/uploads\/2022\/06\/Diseno-sin-titulo-112-400x400.png 400w, https:\/\/aspack.es\/congreso2022\/wp-content\/uploads\/2022\/06\/Diseno-sin-titulo-112.png 500w\" sizes=\"(max-width: 640px) 100vw, 200px\" \/><\/span><\/div><\/div><\/div><style type=\"text\/css\">.fusion-body .fusion-builder-column-1{width:16.666666666667% !important;margin-top : 0px;margin-bottom : 20px;}.fusion-builder-column-1 > .fusion-column-wrapper {padding-top : 0px !important;padding-right : 0px !important;margin-right : 11.52%;padding-bottom : 0px !important;padding-left : 0px !important;margin-left : 11.52%;}@media only screen and (max-width:1024px) {.fusion-body .fusion-builder-column-1{width:16.666666666667% !important;}.fusion-builder-column-1 > .fusion-column-wrapper {margin-right : 11.52%;margin-left : 11.52%;}}@media only screen and (max-width:640px) {.fusion-body .fusion-builder-column-1{width:100% !important;}.fusion-builder-column-1 > .fusion-column-wrapper {margin-right : 1.92%;margin-left : 1.92%;}}<\/style><div class=\"fusion-layout-column fusion_builder_column fusion-builder-column-2 fusion_builder_column_2_3 2_3 fusion-flex-column\"><div class=\"fusion-column-wrapper fusion-flex-justify-content-flex-start fusion-content-layout-column\" style=\"background-position:left top;background-blend-mode: overlay;background-repeat:no-repeat;-webkit-background-size:cover;-moz-background-size:cover;-o-background-size:cover;background-size:cover;padding: 0px 0px 0px 0px;\"><style type=\"text\/css\">@media only screen and (max-width:1024px) {.fusion-title.fusion-title-1{margin-top:10px!important;margin-bottom:15px!important;}}@media only screen and (max-width:640px) {.fusion-title.fusion-title-1{margin-top:10px!important;margin-bottom:10px!important;}}<\/style><div class=\"fusion-title title fusion-title-1 fusion-title-center fusion-title-text fusion-title-size-three\" style=\"margin-top:10px;margin-bottom:15px;\"><div class=\"title-sep-container title-sep-container-left\"><div class=\"title-sep sep-double sep-solid\" style=\"border-color:#e2e2e2;\"><\/div><\/div><h3 class=\"title-heading-center\" style=\"margin:0;line-height:2em;\"><h4><strong>Hemos preparado un programa muy especial, con muchas sorpresas y espacio para la formaci\u00f3n y el networking.<\/strong><\/h4><\/h3><div class=\"title-sep-container title-sep-container-right\"><div class=\"title-sep sep-double sep-solid\" style=\"border-color:#e2e2e2;\"><\/div><\/div><\/div><\/div><\/div><style type=\"text\/css\">.fusion-body .fusion-builder-column-2{width:66.666666666667% !important;margin-top : 0px;margin-bottom : 20px;}.fusion-builder-column-2 > .fusion-column-wrapper {padding-top : 0px !important;padding-right : 0px !important;margin-right : 2.88%;padding-bottom : 0px !important;padding-left : 0px !important;margin-left : 2.88%;}@media only screen and (max-width:1024px) {.fusion-body .fusion-builder-column-2{width:100% !important;}.fusion-builder-column-2 > .fusion-column-wrapper {margin-right : 1.92%;margin-left : 1.92%;}}@media only screen and (max-width:640px) {.fusion-body .fusion-builder-column-2{width:100% !important;margin-bottom : 0px;}.fusion-builder-column-2 > .fusion-column-wrapper {padding-right : 49px !important;margin-right : 1.92%;margin-left : 1.92%;}}<\/style><div class=\"fusion-layout-column fusion_builder_column fusion-builder-column-3 fusion_builder_column_1_6 1_6 fusion-flex-column fusion-no-small-visibility fusion-no-medium-visibility\"><div class=\"fusion-column-wrapper fusion-flex-justify-content-flex-start fusion-content-layout-column\" style=\"background-position:left top;background-blend-mode: overlay;background-repeat:no-repeat;-webkit-background-size:cover;-moz-background-size:cover;-o-background-size:cover;background-size:cover;padding: 0px 0px 0px 0px;\"><div ><span class=\" fusion-imageframe imageframe-none imageframe-2 hover-type-none\"><img decoding=\"async\" width=\"500\" height=\"500\" title=\"Dise\u00f1o sin t\u00edtulo-112\" src=\"https:\/\/aspack.es\/congreso2022\/wp-content\/uploads\/2022\/06\/Diseno-sin-titulo-112-1.png\" class=\"img-responsive wp-image-1040\" srcset=\"https:\/\/aspack.es\/congreso2022\/wp-content\/uploads\/2022\/06\/Diseno-sin-titulo-112-1-200x200.png 200w, https:\/\/aspack.es\/congreso2022\/wp-content\/uploads\/2022\/06\/Diseno-sin-titulo-112-1-400x400.png 400w, https:\/\/aspack.es\/congreso2022\/wp-content\/uploads\/2022\/06\/Diseno-sin-titulo-112-1.png 500w\" sizes=\"(max-width: 640px) 100vw, 200px\" \/><\/span><\/div><\/div><\/div><style type=\"text\/css\">.fusion-body .fusion-builder-column-3{width:16.666666666667% !important;margin-top : 0px;margin-bottom : 20px;}.fusion-builder-column-3 > .fusion-column-wrapper {padding-top : 0px !important;padding-right : 0px !important;margin-right : 11.52%;padding-bottom : 0px !important;padding-left : 0px !important;margin-left : 11.52%;}@media only screen and (max-width:1024px) {.fusion-body .fusion-builder-column-3{width:16.666666666667% !important;}.fusion-builder-column-3 > .fusion-column-wrapper {margin-right : 11.52%;margin-left : 11.52%;}}@media only screen and (max-width:640px) {.fusion-body .fusion-builder-column-3{width:100% !important;}.fusion-builder-column-3 > .fusion-column-wrapper {margin-right : 1.92%;margin-left : 1.92%;}}<\/style><\/div><style type=\"text\/css\">.fusion-body .fusion-flex-container.fusion-builder-row-2{ padding-top : 60px;margin-top : 0px;padding-right : 0px;padding-bottom : 16px;margin-bottom : 0px;padding-left : 0px;}<\/style><\/div><div class=\"fusion-fullwidth fullwidth-box fusion-builder-row-3 fusion-flex-container nonhundred-percent-fullwidth non-hundred-percent-height-scrolling\" style=\"background-color: var(--awb-color1);background-position: left top;background-repeat: no-repeat;border-width: 0px 0px 0px 0px;border-color:#e2e2e2;border-style:solid;\" ><div class=\"fusion-builder-row fusion-row fusion-flex-align-items-flex-start\" style=\"max-width:calc( 1200px + 0px );margin-left: calc(-0px \/ 2 );margin-right: calc(-0px \/ 2 );\"><div class=\"fusion-layout-column fusion_builder_column fusion-builder-column-4 fusion_builder_column_1_1 1_1 fusion-flex-column fusion-flex-align-self-flex-start fusion-column-no-min-height\"><div class=\"fusion-column-wrapper fusion-flex-justify-content-flex-start fusion-content-layout-column\" style=\"background-position:left top;background-blend-mode: overlay;background-repeat:no-repeat;-webkit-background-size:cover;-moz-background-size:cover;-o-background-size:cover;background-size:cover;padding: 0px 0px 0px 0px;\"><div style=\"text-align:center;\"><style type=\"text\/css\">.fusion-button.button-1 .fusion-button-text, .fusion-button.button-1 i {color:#ffffff;}.fusion-button.button-1 .fusion-button-icon-divider{border-color:#ffffff;}.fusion-button.button-1:hover .fusion-button-text, .fusion-button.button-1:hover i,.fusion-button.button-1:focus .fusion-button-text, .fusion-button.button-1:focus i,.fusion-button.button-1:active .fusion-button-text, .fusion-button.button-1:active{color:#ffffff;}.fusion-button.button-1:hover .fusion-button-icon-divider, .fusion-button.button-1:hover .fusion-button-icon-divider, .fusion-button.button-1:active .fusion-button-icon-divider{border-color:#ffffff;}.fusion-button.button-1:hover, .fusion-button.button-1:focus, .fusion-button.button-1:active{border-color:var(--awb-color1);}.fusion-button.button-1 {border-color:var(--awb-color1);border-radius:4px;}.fusion-button.button-1.button-3d{-webkit-box-shadow: inset 0px 1px 0px #fff,0px 5px 0px #03a9f4,1px 7px 7px 3px rgba(0,0,0,0.3);-moz-box-shadow: inset 0px 1px 0px #fff,0px 5px 0px #03a9f4,1px 7px 7px 3px rgba(0,0,0,0.3);box-shadow: inset 0px 1px 0px #fff,0px 5px 0px #03a9f4,1px 7px 7px 3px rgba(0,0,0,0.3);}.button-1.button-3d:active{-webkit-box-shadow: inset 0px 1px 0px #fff,0px 5px 0px #03a9f4,1px 7px 7px 3px rgba(0,0,0,0.3);-moz-box-shadow: inset 0px 1px 0px #fff,0px 5px 0px #03a9f4,1px 7px 7px 3px rgba(0,0,0,0.3);box-shadow: inset 0px 1px 0px #fff,0px 5px 0px #03a9f4,1px 7px 7px 3px rgba(0,0,0,0.3);}.fusion-button.button-1{background: #03a9f4;}.fusion-button.button-1:hover,.button-1:focus,.fusion-button.button-1:active{background: #03a9f4;}<\/style><a class=\"fusion-button button-3d button-xlarge button-custom button-1 fusion-button-default-span \" target=\"_self\" href=\"https:\/\/aspack.es\/congreso2022\/programa\/\"><span class=\"fusion-button-text\">PROGRAMA<\/span><\/a><\/div><\/div><\/div><style type=\"text\/css\">.fusion-body .fusion-builder-column-4{width:100% !important;margin-top : 0px;margin-bottom : 0px;}.fusion-builder-column-4 > .fusion-column-wrapper {padding-top : 0px !important;padding-right : 0px !important;margin-right : 0px;padding-bottom : 0px !important;padding-left : 0px !important;margin-left : 0px;}@media only screen and (max-width:1024px) {.fusion-body .fusion-builder-column-4{width:100% !important;}.fusion-builder-column-4 > .fusion-column-wrapper {margin-right : 0px;margin-left : 0px;}}@media only screen and (max-width:640px) {.fusion-body .fusion-builder-column-4{width:100% !important;}.fusion-builder-column-4 > .fusion-column-wrapper {margin-right : 0px;margin-left : 0px;}}<\/style><\/div><style type=\"text\/css\">.fusion-body .fusion-flex-container.fusion-builder-row-3{ padding-top : 0px;margin-top : 0px;padding-right : 0px;padding-bottom : 0px;margin-bottom : 0px;padding-left : 0px;}@media only screen and (max-width:640px) {.fusion-body .fusion-flex-container.fusion-builder-row-3{ padding-top : 0px;padding-bottom : 2px;}}<\/style><\/div><div class=\"fusion-bg-parallax\" data-bg-align=\"center center\" data-direction=\"up\" data-mute=\"false\" data-opacity=\"100\" data-velocity=\"-0.3\" data-mobile-enabled=\"false\" data-break_parents=\"0\" data-bg-image=\"https:\/\/placehold.it\/1900x1169\/333333\/ffffff\/\" data-bg-repeat=\"false\" data-bg-color=\"var(--awb-color4)\" ><\/div><div class=\"fusion-fullwidth fullwidth-box fusion-builder-row-4 fusion-flex-container fusion-parallax-up nonhundred-percent-fullwidth non-hundred-percent-height-scrolling\" style=\"background-color: var(--awb-color4);background-image: url(&quot;https:\/\/placehold.it\/1900x1169\/333333\/ffffff\/&quot;);background-position: center center;background-repeat: no-repeat;border-width: 0px 0px 0px 0px;border-color:#e2e2e2;border-style:solid;-webkit-background-size:cover;-moz-background-size:cover;-o-background-size:cover;background-size:cover;\" ><div class=\"fusion-builder-row fusion-row fusion-flex-align-items-flex-start\" style=\"max-width:calc( 1200px + 0px );margin-left: calc(-0px \/ 2 );margin-right: calc(-0px \/ 2 );\"><div class=\"fusion-layout-column fusion_builder_column fusion-builder-column-5 fusion_builder_column_1_1 1_1 fusion-flex-column fusion-flex-align-self-flex-start fusion-column-no-min-height\"><div class=\"fusion-column-wrapper fusion-flex-justify-content-flex-start fusion-content-layout-column\" style=\"background-position:left top;background-blend-mode: overlay;background-repeat:no-repeat;-webkit-background-size:cover;-moz-background-size:cover;-o-background-size:cover;background-size:cover;padding: 0px 0px 0px 0px;\"><div class=\"fusion-testimonials clean fusion-testimonials-1\" data-random=\"0\" data-speed=\"4000\"><style type=\"text\/css\">#fusion-testimonials-1 a{border-color:#4a4e57;}#fusion-testimonials-1 a:hover, #fusion-testimonials-1 .activeSlide{background-color: #4a4e57;}.fusion-testimonials.clean.fusion-testimonials-1 .author:after{border-top-color:#f9f9fb !important;}<\/style><div class=\"reviews\"><div class=\"review no-avatar\"><blockquote class=\"testimonials-shortcode-blockquote\"><q style=\"background-color:#f9f9fb;color:#4a4e57;\" class=\"fusion-clearfix\">\n<p><em>\u201c<\/em>Estamos especialmente emocionados de poder volver a reunirnos todos los profesionales del sector del packaging despu\u00e9s de casi dos a\u00f1os y poder afrontar estos nuevos tiempos de una manera diferente y positiva, que nos permita aprovechar las nuevas oportunidades que se nos abren\u00bb.<\/p>\n<\/q><\/blockquote><div class=\"author\" style=\"color:#4a4e57;\"><span class=\"company-name\"><strong>Jose Ram\u00f3n Benito, Presidente ASPACK<\/strong><\/span><\/div><\/div><\/div><div class=\"testimonial-pagination\" id=\"fusion-testimonials-1\"><\/div><\/div><\/div><\/div><style type=\"text\/css\">.fusion-body .fusion-builder-column-5{width:100% !important;margin-top : 0px;margin-bottom : 0px;}.fusion-builder-column-5 > .fusion-column-wrapper {padding-top : 0px !important;padding-right : 0px !important;margin-right : 0px;padding-bottom : 0px !important;padding-left : 0px !important;margin-left : 0px;}@media only screen and (max-width:1024px) {.fusion-body .fusion-builder-column-5{width:100% !important;}.fusion-builder-column-5 > .fusion-column-wrapper {margin-right : 0px;margin-left : 0px;}}@media only screen and (max-width:640px) {.fusion-body .fusion-builder-column-5{width:100% !important;}.fusion-builder-column-5 > .fusion-column-wrapper {margin-right : 0px;margin-left : 0px;}}<\/style><\/div><style type=\"text\/css\">.fusion-body .fusion-flex-container.fusion-builder-row-4{ padding-top : 39px;margin-top : 0px;padding-right : 0px;padding-bottom : 23px;margin-bottom : 0px;padding-left : 0px;}<\/style><\/div><div class=\"fusion-fullwidth fullwidth-box fusion-builder-row-5 fusion-flex-container nonhundred-percent-fullwidth non-hundred-percent-height-scrolling\" style=\"background-color: rgba(255,255,255,0);background-position: center center;background-repeat: no-repeat;border-width: 0px 0px 0px 0px;border-color:#e2e2e2;border-style:solid;\" ><div class=\"fusion-builder-row fusion-row fusion-flex-align-items-flex-start\" style=\"max-width:calc( 1200px + 0px );margin-left: calc(-0px \/ 2 );margin-right: calc(-0px \/ 2 );\"><div class=\"fusion-layout-column fusion_builder_column fusion-builder-column-6 fusion_builder_column_1_1 1_1 fusion-flex-column\"><div class=\"fusion-column-wrapper fusion-flex-justify-content-flex-start fusion-content-layout-column\" style=\"background-position:left top;background-repeat:no-repeat;-webkit-background-size:cover;-moz-background-size:cover;-o-background-size:cover;background-size:cover;padding: 0px 0px 0px 0px;\"><div class=\"fusion-text fusion-text-2\" style=\"transform:translate3d(0,0,0);\"><h3 style=\"text-align: center;\">NOS VEMOS PRONTO<\/h3>\n<div class=\"wpos-copy-clipboard wpcdt-shortcode-preview\"><\/div>\n<\/div><\/div><\/div><style type=\"text\/css\">.fusion-body .fusion-builder-column-6{width:100% !important;margin-top : 0px;margin-bottom : 0px;}.fusion-builder-column-6 > .fusion-column-wrapper {padding-top : 0px !important;padding-right : 0px !important;margin-right : 0px;padding-bottom : 0px !important;padding-left : 0px !important;margin-left : 0px;}@media only screen and (max-width:1024px) {.fusion-body .fusion-builder-column-6{width:100% !important;}.fusion-builder-column-6 > .fusion-column-wrapper {margin-right : 0px;margin-left : 0px;}}@media only screen and (max-width:640px) {.fusion-body .fusion-builder-column-6{width:100% !important;}.fusion-builder-column-6 > .fusion-column-wrapper {margin-right : 0px;margin-left : 0px;}}<\/style><\/div><style type=\"text\/css\">.fusion-body .fusion-flex-container.fusion-builder-row-5{ padding-top : 0px;margin-top : 0px;padding-right : 0px;padding-bottom : 0px;margin-bottom : 0px;padding-left : 0px;}<\/style><\/div><\/p>\n","protected":false},"excerpt":{"rendered":"","protected":false},"author":1,"featured_media":0,"parent":0,"menu_order":0,"comment_status":"closed","ping_status":"closed","template":"100-width.php","meta":{"footnotes":""},"class_list":["post-2","page","type-page","status-publish","hentry"],"_links":{"self":[{"href":"https:\/\/aspack.es\/congreso2022\/wp-json\/wp\/v2\/pages\/2","targetHints":{"allow":["GET"]}}],"collection":[{"href":"https:\/\/aspack.es\/congreso2022\/wp-json\/wp\/v2\/pages"}],"about":[{"href":"https:\/\/aspack.es\/congreso2022\/wp-json\/wp\/v2\/types\/page"}],"author":[{"embeddable":true,"href":"https:\/\/aspack.es\/congreso2022\/wp-json\/wp\/v2\/users\/1"}],"replies":[{"embeddable":true,"href":"https:\/\/aspack.es\/congreso2022\/wp-json\/wp\/v2\/comments?post=2"}],"version-history":[{"count":98,"href":"https:\/\/aspack.es\/congreso2022\/wp-json\/wp\/v2\/pages\/2\/revisions"}],"predecessor-version":[{"id":1280,"href":"https:\/\/aspack.es\/congreso2022\/wp-json\/wp\/v2\/pages\/2\/revisions\/1280"}],"wp:attachment":[{"href":"https:\/\/aspack.es\/congreso2022\/wp-json\/wp\/v2\/media?parent=2"}],"curies":[{"name":"wp","href":"https:\/\/api.w.org\/{rel}","templated":true}]}}